{"id":1575,"date":"2025-07-08T15:55:05","date_gmt":"2025-07-08T15:55:05","guid":{"rendered":"https:\/\/joodalma.hu\/?page_id=1575"},"modified":"2025-07-08T16:28:05","modified_gmt":"2025-07-08T16:28:05","slug":"impresszum","status":"publish","type":"page","link":"https:\/\/joodalma.hu\/en\/impresszum\/","title":{"rendered":"IMPRESSZUM"},"content":{"rendered":"<div data-elementor-type=\"wp-page\" data-elementor-id=\"1575\" class=\"elementor elementor-1575\" data-elementor-post-type=\"page\">\n\t\t\t\t<div class=\"elementor-element elementor-element-fa7bc4e e-flex e-con-boxed e-con e-parent\" data-id=\"fa7bc4e\" data-element_type=\"container\">\n\t\t\t\t\t<div class=\"e-con-inner\">\n\t\t\t\t<div class=\"elementor-element elementor-element-37e50f2 elementor-widget elementor-widget-heading\" data-id=\"37e50f2\" data-element_type=\"widget\" data-widget_type=\"heading.default\">\n\t\t\t\t<div class=\"elementor-widget-container\">\n\t\t\t\t\t<h2 class=\"elementor-heading-title elementor-size-default\">Imprint<\/h2>\t\t\t\t<\/div>\n\t\t\t\t<\/div>\n\t\t\t\t\t<\/div>\n\t\t\t\t<\/div>\n\t\t<div class=\"elementor-element elementor-element-4aab359 e-flex e-con-boxed e-con e-parent\" data-id=\"4aab359\" data-element_type=\"container\">\n\t\t\t\t\t<div class=\"e-con-inner\">\n\t\t\t\t<div class=\"elementor-element elementor-element-75e5668 elementor-widget elementor-widget-text-editor\" data-id=\"75e5668\" data-element_type=\"widget\" data-widget_type=\"text-editor.default\">\n\t\t\t\t<div class=\"elementor-widget-container\">\n\t\t\t\t\t\t\t\t\t<p>Az impresszum let\u00f6lt\u00e9s\u00e9hez\u00a0<a href=\"https:\/\/joodalma.hu\/wp-content\/uploads\/2025\/07\/Joo-Dalma-Impresszum.pdf\">kattints ide<\/a>!<br \/><br \/>To download the Imprint, <a href=\"https:\/\/joodalma.hu\/wp-content\/uploads\/2025\/07\/Joo-Dalma-Impresszum-angol-.pdf\">click here.<\/a><\/p><p><b><\/b><b>C\u00e9gn\u00e9v<\/b><span style=\"font-weight: 400;\">: Jo\u00f3 Dalma Ev.<\/span><span style=\"font-weight: 400;\"><br \/><\/span><span style=\"font-weight: 400;\"><br \/><\/span><b>E-mail address<\/b><span style=\"font-weight: 400;\">:\u00a0 <\/span><a href=\"mailto:joodalma98@gmail.com\"><span style=\"font-weight: 400;\">joodalma98@gmail.com<\/span><span style=\"font-weight: 400;\"><br \/><\/span><span style=\"font-weight: 400;\"><br \/><\/span><\/a><b>Internet<\/b><span style=\"font-weight: 400;\">: <\/span><a href=\"https:\/\/joodalma.hu\/en\/\"><span style=\"font-weight: 400;\">https:\/\/joodalma.hu\/<\/span><span style=\"font-weight: 400;\"><br \/><\/span><span style=\"font-weight: 400;\"><br \/><\/span><\/a><b>A c\u00e9get bejegyz\u0151 hat\u00f3s\u00e1g<\/b><span style=\"font-weight: 400;\">: NAV<\/span><\/p><p><b>Ad\u00f3sz\u00e1m<\/b><span style=\"font-weight: 400;\">: 59440398-1-42<\/span><span style=\"font-weight: 400;\"><br \/><\/span><span style=\"font-weight: 400;\"><br \/><\/span><b>Kamara<\/b><span style=\"font-weight: 400;\">:<\/span><span style=\"font-weight: 400;\">\u00a0 V\u00e1rmegyei Kereskedelmi \u00e9s Iparkamara<\/span><\/p><p><b>T\u00e1rhelyszolg\u00e1ltat\u00f3<\/b><span style=\"font-weight: 400;\">: <\/span><span style=\"font-weight: 400;\">\u00a0<\/span><span style=\"font-weight: 400;\">\u00a0Rackhost Zrt., C\u00edm: 6722 Szeged, Tisza Lajos k\u00f6r\u00fat 41., el\u00e9rhet\u0151s\u00e9gek: info@rackhost.hu, +36 1 445 1200)\u00a0<\/span><\/p>\t\t\t\t\t\t\t\t<\/div>\n\t\t\t\t<\/div>\n\t\t\t\t\t<\/div>\n\t\t\t\t<\/div>\n\t\t\t\t<\/div>","protected":false},"excerpt":{"rendered":"<p>Impresszum Az impresszum let\u00f6lt\u00e9s\u00e9hez\u00a0kattints ide! To download the Imprint, click here. C\u00e9gn\u00e9v: Jo\u00f3 Dalma Ev. E-mail:\u00a0 joodalma98@gmail.com Internet: https:\/\/joodalma.hu\/ A c\u00e9get bejegyz\u0151 hat\u00f3s\u00e1g: NAV Ad\u00f3sz\u00e1m: 59440398-1-42 Kamara:\u00a0 V\u00e1rmegyei Kereskedelmi \u00e9s Iparkamara T\u00e1rhelyszolg\u00e1ltat\u00f3: \u00a0\u00a0Rackhost Zrt., C\u00edm: 6722 Szeged, Tisza Lajos k\u00f6r\u00fat 41., el\u00e9rhet\u0151s\u00e9gek: info@rackhost.hu, +36 1 445 1200)\u00a0<\/p>","protected":false},"author":2,"featured_media":0,"parent":0,"menu_order":0,"comment_status":"closed","ping_status":"closed","template":"","meta":{"_monsterinsights_skip_tracking":false,"_monsterinsights_sitenote_active":false,"_monsterinsights_sitenote_note":"","_monsterinsights_sitenote_category":0,"site-sidebar-layout":"no-sidebar","site-content-layout":"page-builder","ast-site-content-layout":"full-width-container","site-content-style":"default","site-sidebar-style":"default","ast-global-header-display":"","ast-banner-title-visibility":"","ast-main-header-display":"","ast-hfb-above-header-display":"","ast-hfb-below-header-display":"","ast-hfb-mobile-header-display":"","site-post-title":"disabled","ast-breadcrumbs-content":"","ast-featured-img":"disabled","footer-sml-layout":"","theme-transparent-header-meta":"","adv-header-id-meta":"","stick-header-meta":"","header-above-stick-meta":"","header-main-stick-meta":"","header-below-stick-meta":"","astra-migrate-meta-layouts":"set","ast-page-background-enabled":"default","ast-page-background-meta":{"desktop":{"background-color":"","background-image":"","background-repeat":"repeat","background-position":"center center","background-size":"auto","background-attachment":"scroll","background-type":"","background-media":"","overlay-type":"","overlay-color":"","overlay-opacity":"","overlay-gradient":""},"tablet":{"background-color":"","background-image":"","background-repeat":"repeat","background-position":"center center","background-size":"auto","background-attachment":"scroll","background-type":"","background-media":"","overlay-type":"","overlay-color":"","overlay-opacity":"","overlay-gradient":""},"mobile":{"background-color":"","background-image":"","background-repeat":"repeat","background-position":"center center","background-size":"auto","background-attachment":"scroll","background-type":"","background-media":"","overlay-type":"","overlay-color":"","overlay-opacity":"","overlay-gradient":""}},"ast-content-background-meta":{"desktop":{"background-color":"var(--ast-global-color-5)","background-image":"","background-repeat":"repeat","background-position":"center center","background-size":"auto","background-attachment":"scroll","background-type":"","background-media":"","overlay-type":"","overlay-color":"","overlay-opacity":"","overlay-gradient":""},"tablet":{"background-color":"var(--ast-global-color-5)","background-image":"","background-repeat":"repeat","background-position":"center center","background-size":"auto","background-attachment":"scroll","background-type":"","background-media":"","overlay-type":"","overlay-color":"","overlay-opacity":"","overlay-gradient":""},"mobile":{"background-color":"var(--ast-global-color-5)","background-image":"","background-repeat":"repeat","background-position":"center center","background-size":"auto","background-attachment":"scroll","background-type":"","background-media":"","overlay-type":"","overlay-color":"","overlay-opacity":"","overlay-gradient":""}},"footnotes":""},"class_list":["post-1575","page","type-page","status-publish","hentry"],"aioseo_notices":[],"_links":{"self":[{"href":"https:\/\/joodalma.hu\/en\/wp-json\/wp\/v2\/pages\/1575","targetHints":{"allow":["GET"]}}],"collection":[{"href":"https:\/\/joodalma.hu\/en\/wp-json\/wp\/v2\/pages"}],"about":[{"href":"https:\/\/joodalma.hu\/en\/wp-json\/wp\/v2\/types\/page"}],"author":[{"embeddable":true,"href":"https:\/\/joodalma.hu\/en\/wp-json\/wp\/v2\/users\/2"}],"replies":[{"embeddable":true,"href":"https:\/\/joodalma.hu\/en\/wp-json\/wp\/v2\/comments?post=1575"}],"version-history":[{"count":16,"href":"https:\/\/joodalma.hu\/en\/wp-json\/wp\/v2\/pages\/1575\/revisions"}],"predecessor-version":[{"id":1618,"href":"https:\/\/joodalma.hu\/en\/wp-json\/wp\/v2\/pages\/1575\/revisions\/1618"}],"wp:attachment":[{"href":"https:\/\/joodalma.hu\/en\/wp-json\/wp\/v2\/media?parent=1575"}],"curies":[{"name":"wp","href":"https:\/\/api.w.org\/{rel}","templated":true}]}}